{"id":2940,"date":"2023-04-12T16:43:10","date_gmt":"2023-04-12T16:43:10","guid":{"rendered":"https:\/\/draycott.pt\/politica-de-cookies\/"},"modified":"2023-04-28T12:08:57","modified_gmt":"2023-04-28T12:08:57","slug":"politica-de-cookies","status":"publish","type":"page","link":"https:\/\/draycott.pt\/pt-pt\/politica-de-cookies\/","title":{"rendered":"Pol\u00edtica de Cookies"},"content":{"rendered":"[vc_row type=&#8221;in_container&#8221; full_screen_row_position=&#8221;middle&#8221; column_margin=&#8221;default&#8221; column_direction=&#8221;default&#8221; column_direction_tablet=&#8221;default&#8221; column_direction_phone=&#8221;default&#8221; scene_position=&#8221;center&#8221; text_color=&#8221;dark&#8221; text_align=&#8221;left&#8221; row_border_radius=&#8221;none&#8221; row_border_radius_applies=&#8221;bg&#8221; overflow=&#8221;visible&#8221; overlay_strength=&#8221;0.3&#8243; gradient_direction=&#8221;left_to_right&#8221; shape_divider_position=&#8221;bottom&#8221; bg_image_animation=&#8221;none&#8221;][vc_column column_padding=&#8221;no-extra-padding&#8221; column_padding_tablet=&#8221;inherit&#8221; column_padding_phone=&#8221;inherit&#8221; column_padding_position=&#8221;all&#8221; column_element_direction_desktop=&#8221;default&#8221; column_element_spacing=&#8221;default&#8221; desktop_text_alignment=&#8221;default&#8221; tablet_text_alignment=&#8221;default&#8221; phone_text_alignment=&#8221;default&#8221; background_color_opacity=&#8221;1&#8243; background_hover_color_opacity=&#8221;1&#8243; column_backdrop_filter=&#8221;none&#8221; column_shadow=&#8221;none&#8221; column_border_radius=&#8221;none&#8221; column_link_target=&#8221;_self&#8221; column_position=&#8221;default&#8221; gradient_direction=&#8221;left_to_right&#8221; overlay_strength=&#8221;0.3&#8243; width=&#8221;1\/6&#8243; tablet_width_inherit=&#8221;default&#8221; animation_type=&#8221;default&#8221; bg_image_animation=&#8221;none&#8221; border_type=&#8221;simple&#8221; column_border_width=&#8221;none&#8221; column_border_style=&#8221;solid&#8221;][\/vc_column][vc_column column_padding=&#8221;no-extra-padding&#8221; column_padding_tablet=&#8221;inherit&#8221; column_padding_phone=&#8221;inherit&#8221; column_padding_position=&#8221;all&#8221; column_element_direction_desktop=&#8221;default&#8221; column_element_spacing=&#8221;default&#8221; desktop_text_alignment=&#8221;default&#8221; tablet_text_alignment=&#8221;default&#8221; phone_text_alignment=&#8221;default&#8221; background_color_opacity=&#8221;1&#8243; background_hover_color_opacity=&#8221;1&#8243; column_backdrop_filter=&#8221;none&#8221; column_shadow=&#8221;none&#8221; column_border_radius=&#8221;none&#8221; column_link_target=&#8221;_self&#8221; column_position=&#8221;default&#8221; gradient_direction=&#8221;left_to_right&#8221; overlay_strength=&#8221;0.3&#8243; width=&#8221;2\/3&#8243; tablet_width_inherit=&#8221;default&#8221; animation_type=&#8221;default&#8221; bg_image_animation=&#8221;none&#8221; border_type=&#8221;simple&#8221; column_border_width=&#8221;none&#8221; column_border_style=&#8221;solid&#8221;][vc_column_text]\r\n<h1>Pol\u00edtica de Cookies<\/h1>\r\n[\/vc_column_text][vc_column_text]\r\n\r\n<h2 class=\"wp-block-heading\">O que \u00e9 um Cookie?<\/h2>\r\n<p>De modo a disponibilizarmos um servi\u00e7o personalizado e eficiente aos nossos utilizadores torna-se necess\u00e1rio memorizar e armazenar informa\u00e7\u00e3o sobre a forma como este website deve ser utilizado. Para tal, utilizamos ficheiros de texto reduzido denominados por cookies que cont\u00eam quantidades de informa\u00e7\u00e3o reduzidas descarregadas para o computador ou outros dispositivos dos nossos utilizadores atrav\u00e9s de um servidor. O seu browser de internet posteriormente envia, em cada visita subsequente, estas cookies de volta para o website, permitindo o reconhecimento e memoriza\u00e7\u00e3o da identidade dos nossos visitantes, designadamente as prefer\u00eancias de utiliza\u00e7\u00e3o dos nossos utilizadores. Poder\u00e1 encontrar aqui informa\u00e7\u00e3o mais detalhada sobre cookies e seu respetivo funcionamento. A navega\u00e7\u00e3o neste website permite a recolha de informa\u00e7\u00e3o com recurso a cookies e demais tecnologias (ex. web beacons, tags, scripts, armazenamento local).<\/p>\r\n<p>Esta Pol\u00edtica de Cookies faz parte da nossa\u00a0<a href=\"https:\/\/draycott.pt\/pt-pt\/politica-de-privacidade\/\">Declara\u00e7\u00e3o de Privacidade<\/a>. Para mais informa\u00e7\u00f5es sobre n\u00f3s e sobre a forma como protegemos as informa\u00e7\u00f5es dos utilizadores consulte a nossa\u00a0<a href=\"https:\/\/draycott.pt\/pt-pt\/politica-de-privacidade\/\">Declara\u00e7\u00e3o de Privacidade<\/a>.<\/p>\r\n<p>&nbsp;<\/p>\r\n<h2>Os Cookies que usamos e porqu\u00ea<\/h2>\r\n<p>Quando utilizamos cookies no nosso website, podemos coloc\u00e1-los dentro de uma das seguintes categorias:<\/p>\r\n<ul>\r\n<li>Os \u201cCookies estritamente necess\u00e1rios\u201d s\u00e3o necess\u00e1rios para que o website funcione e n\u00e3o podem ser desligados nos nossos sistemas. Normalmente, s\u00f3 s\u00e3o configurados em resposta a a\u00e7\u00f5es levadas a cabo por si e que correspondem a uma solicita\u00e7\u00e3o de servi\u00e7os, tais como definir as suas prefer\u00eancias de privacidade, iniciar sess\u00e3o ou preencher formul\u00e1rios.<\/li>\r\n<li>Os \u201cCookies de Analytics e desempenho\u201d permitem-nos contar visitas e fontes de tr\u00e1fego, para que possamos medir e melhorar o desempenho do nosso website. Podem ser configurados por n\u00f3s ou por terceiros (ex. Adobe, Akamai, Brightcove, Qualtrics) para nos ajudar a saber que p\u00e1ginas ou v\u00eddeos s\u00e3o os mais e menos populares e tamb\u00e9m para ver como os visitantes se movimentam pelo webiste.<\/li>\r\n<li>Os \u201cCookies Funcionais\u201d permitem que o website forne\u00e7a uma funcionalidade e personaliza\u00e7\u00e3o melhoradas com base na sua intera\u00e7\u00e3o com o website. Podem ser configurados por n\u00f3s ou terceiros, como a Adobe, cujos servi\u00e7os adicion\u00e1mos \u00e0s nossas p\u00e1ginas.<\/li>\r\n<li>Os \u201cCookies de Publicidade e Targetiza\u00e7\u00e3o\u201d podem ser configurados atrav\u00e9s do nosso website pelos nossos parceiros de publicidade, como a Adobe, Meta, LinkedIn e Google. Podem ser usados por essas empresas para construir um perfil sobre os seus interesses e mostrar-lhe an\u00fancios relevantes noutros websites.<\/li>\r\n<li>Os \u201cCookies de Redes Sociais\u201d s\u00e3o configurados por um conjunto de servi\u00e7os das redes sociais que adicion\u00e1mos ao website para permitir que possa partilhar o nosso conte\u00fado com os seus amigos e conhecidos. Estes cookies s\u00e3o capazes de rastrear a sua navega\u00e7\u00e3o por outros websites e criar um perfil sobre os seus interesses. Isso pode afetar o conte\u00fado e as mensagens que v\u00ea noutros websites que visita.<\/li>\r\n<\/ul>\r\n<p>Para ver a lista de cookies que s\u00e3o utilizados pelo nosso website, carregue em \u201cManage cookie preferences\u201d no topo desta p\u00e1gina.<\/p>\r\n<p>&nbsp;<\/p>\r\n<h2>Quanto tempo ir\u00e3o ficar os Cookies no meu aparelho?<\/h2>\r\n<p>O tempo que os cookies ficam no seu dispositivo depende se \u00e9 um cookie \u201cpersistente\u201d ou um cookie de \u201csess\u00e3o\u201d. Um cookie persistente ir\u00e1 ser armazenado num web browser e ir\u00e1 permanecer v\u00e1lido at\u00e9 \u00e0 data de validade para o qual foi configurado, a n\u00e3o ser que o apague antes dessa data. Por outro lado, um cookie de sess\u00e3o ser\u00e1 apagado no fim da sua sess\u00e3o web, quando o web browser for fechado.<\/p>\r\n<h2><strong><br \/><\/strong>Como controlo os Cookies?<\/h2>\r\n<p>Pode controlar e gerir cookies de m\u00faltiplas formas. Informamos os utilizadores que a remo\u00e7\u00e3o ou bloqueio dos cookies poder\u00e1 afetar a sua experi\u00eancia de utiliza\u00e7\u00e3o e poder\u00e1 limitar o acesso a algumas zonas ou funcionalidades deste website.<\/p>\r\n<p>Onde os cookies n\u00e3o forem estritamente necess\u00e1rios para o funcionamento do nosso website, iremos pedir o seu consentimento para a nossa utiliza\u00e7\u00e3o de cookies na sua primeira visita ao nosso website. O consentimento pode ser dado ou removido ao carregar em \u201cManage cookie preferences\u201d no topo desta p\u00e1gina.<\/p>\r\n<p>Poder\u00e1 tamb\u00e9m alterar as defini\u00e7\u00f5es do seu browser para gerir e controlar cookies. Pode encontrar informa\u00e7\u00e3o mais detalhada sobre como o fazer em\u00a0<a href=\"http:\/\/www.aboutcookies.org\/\" target=\"_blank\" rel=\"noopener\">http:\/\/www.aboutcookies.org\/<\/a>.<\/p>\r\n<p>Qualquer consentimento para aceitar ou rejeitar cookies \u00e9 limitado ao website onde esta Pol\u00edtica de Cookies se encontra e n\u00e3o para outros websites ou p\u00e1ginas, que podem ter sido linkadas ao nosso website. Para mais informa\u00e7\u00f5es sobre como cookies s\u00e3o utilizados por esses websites, por favor consulte as pol\u00edticas de privacidade e de cookies espec\u00edficas desses websites.<\/p>\r\n<h2><strong><br \/><\/strong>Comunica\u00e7\u00e3o por email<\/h2>\r\n<p>Podemos tamb\u00e9m utilizar tecnologias de monitoriza\u00e7\u00e3o para determinar se os nossos visitantes leram, carregaram em links ou reencaminharam determinadas comunica\u00e7\u00f5es enviadas por n\u00f3s atrav\u00e9s de email, com o objetivo de aferir a pertin\u00eancia das nossas comunica\u00e7\u00f5es. Em caso de desacordo com esse modo de proceder os nossos utilizadores devem reverter a sua subscri\u00e7\u00e3o (unsubscribe) dado que n\u00e3o \u00e9 poss\u00edvel enviar estes emails sem estes mecanismos de monitoriza\u00e7\u00e3o ativos. Os subscritores registados podem atualizar as suas prefer\u00eancias de comunica\u00e7\u00e3o a qualquer momento contactando-nos, ou podem cancelar a sua subscri\u00e7\u00e3o, seguindo as instru\u00e7\u00f5es no email de comunica\u00e7\u00e3o por n\u00f3s enviado para o seu endere\u00e7o eletr\u00f3nico.<\/p>\r\n<h2><strong><br \/><\/strong>Altera\u00e7\u00f5es a estas notifica\u00e7\u00f5es de Cookies<\/h2>\r\n<div class=\"dcomparsys dcom-feature-par-rte\">\r\n<div class=\"customrichtext parbase section\">\r\n<div>\r\n<div class=\"custom-rte\">\r\n<p>Esta Pol\u00edtica de Cookies pode ser revista a qualquer momento, de acordo com o nosso crit\u00e9rio. Quando se fizerem tais altera\u00e7\u00f5es, a data de revis\u00e3o no topo da p\u00e1gina ser\u00e1 alterada. A Pol\u00edtica de Cookies alterada entrar\u00e1 em vigor a partir da data de revis\u00e3o.<\/p>\r\n<p>Recomendamos os utilizadores do nosso website que revejam as Pol\u00edticas de Cookies periodicamente, com o prop\u00f3sito de ficarem informados sobre a nossa gest\u00e3o das cookies.<\/p>\r\n<\/div>\r\n<\/div>\r\n<\/div>\r\n<\/div>\r\n<p>&nbsp;<\/p>\r\n[\/vc_column_text][\/vc_column][vc_column column_padding=&#8221;no-extra-padding&#8221; column_padding_tablet=&#8221;inherit&#8221; column_padding_phone=&#8221;inherit&#8221; column_padding_position=&#8221;all&#8221; column_element_direction_desktop=&#8221;default&#8221; column_element_spacing=&#8221;default&#8221; desktop_text_alignment=&#8221;default&#8221; tablet_text_alignment=&#8221;default&#8221; phone_text_alignment=&#8221;default&#8221; background_color_opacity=&#8221;1&#8243; background_hover_color_opacity=&#8221;1&#8243; column_backdrop_filter=&#8221;none&#8221; column_shadow=&#8221;none&#8221; column_border_radius=&#8221;none&#8221; column_link_target=&#8221;_self&#8221; column_position=&#8221;default&#8221; gradient_direction=&#8221;left_to_right&#8221; overlay_strength=&#8221;0.3&#8243; width=&#8221;1\/6&#8243; tablet_width_inherit=&#8221;default&#8221; animation_type=&#8221;default&#8221; bg_image_animation=&#8221;none&#8221; border_type=&#8221;simple&#8221; column_border_width=&#8221;none&#8221; column_border_style=&#8221;solid&#8221;][\/vc_column][\/vc_row][vc_row type=&#8221;in_container&#8221; full_screen_row_position=&#8221;middle&#8221; column_margin=&#8221;default&#8221; column_direction=&#8221;default&#8221; column_direction_tablet=&#8221;default&#8221; column_direction_phone=&#8221;default&#8221; scene_position=&#8221;center&#8221; text_color=&#8221;dark&#8221; text_align=&#8221;left&#8221; row_border_radius=&#8221;none&#8221; row_border_radius_applies=&#8221;bg&#8221; overflow=&#8221;visible&#8221; overlay_strength=&#8221;0.3&#8243; gradient_direction=&#8221;left_to_right&#8221; shape_divider_position=&#8221;bottom&#8221; bg_image_animation=&#8221;none&#8221;][vc_column column_padding=&#8221;no-extra-padding&#8221; column_padding_tablet=&#8221;inherit&#8221; column_padding_phone=&#8221;inherit&#8221; column_padding_position=&#8221;all&#8221; column_element_direction_desktop=&#8221;default&#8221; column_element_spacing=&#8221;default&#8221; desktop_text_alignment=&#8221;default&#8221; tablet_text_alignment=&#8221;default&#8221; phone_text_alignment=&#8221;default&#8221; background_color_opacity=&#8221;1&#8243; background_hover_color_opacity=&#8221;1&#8243; column_backdrop_filter=&#8221;none&#8221; column_shadow=&#8221;none&#8221; column_border_radius=&#8221;none&#8221; column_link_target=&#8221;_self&#8221; column_position=&#8221;default&#8221; gradient_direction=&#8221;left_to_right&#8221; overlay_strength=&#8221;0.3&#8243; width=&#8221;1\/1&#8243; tablet_width_inherit=&#8221;default&#8221; animation_type=&#8221;default&#8221; bg_image_animation=&#8221;none&#8221; border_type=&#8221;simple&#8221; column_border_width=&#8221;none&#8221; column_border_style=&#8221;solid&#8221;][vc_column_text]\r\n[\/vc_column_text][\/vc_column][\/vc_row]","protected":false},"excerpt":{"rendered":"<p>[vc_row type=&#8221;in_container&#8221; full_screen_row_position=&#8221;middle&#8221; column_margin=&#8221;default&#8221; column_direction=&#8221;default&#8221; column_direction_tablet=&#8221;default&#8221; column_direction_phone=&#8221;default&#8221; scene_position=&#8221;center&#8221; text_color=&#8221;dark&#8221; text_align=&#8221;left&#8221; row_border_radius=&#8221;none&#8221; row_border_radius_applies=&#8221;bg&#8221; overflow=&#8221;visible&#8221; overlay_strength=&#8221;0.3&#8243; gradient_direction=&#8221;left_to_right&#8221; shape_divider_position=&#8221;bottom&#8221; bg_image_animation=&#8221;none&#8221;][vc_column column_padding=&#8221;no-extra-padding&#8221; column_padding_tablet=&#8221;inherit&#8221; column_padding_phone=&#8221;inherit&#8221; column_padding_position=&#8221;all&#8221; column_element_direction_desktop=&#8221;default&#8221; column_element_spacing=&#8221;default&#8221; desktop_text_alignment=&#8221;default&#8221; tablet_text_alignment=&#8221;default&#8221; phone_text_alignment=&#8221;default&#8221; background_color_opacity=&#8221;1&#8243; background_hover_color_opacity=&#8221;1&#8243; column_backdrop_filter=&#8221;none&#8221; column_shadow=&#8221;none&#8221;&#8230;<\/p>\n","protected":false},"author":1,"featured_media":0,"parent":0,"menu_order":0,"comment_status":"closed","ping_status":"closed","template":"","meta":{"footnotes":""},"class_list":["post-2940","page","type-page","status-publish"],"yoast_head":"<!-- This site is optimized with the Yoast SEO plugin v26.3 - https:\/\/yoast.com\/wordpress\/plugins\/seo\/ -->\n<title>Pol\u00edtica de Cookies - Draycott<\/title>\n<meta name=\"robots\" content=\"index, follow, max-snippet:-1, max-image-preview:large, max-video-preview:-1\" \/>\n<link rel=\"canonical\" href=\"https:\/\/draycott.pt\/pt-pt\/politica-de-cookies\/\" \/>\n<meta property=\"og:locale\" content=\"pt_PT\" \/>\n<meta property=\"og:type\" content=\"article\" \/>\n<meta property=\"og:title\" content=\"Pol\u00edtica de Cookies - Draycott\" \/>\n<meta property=\"og:description\" content=\"[vc_row type=&#8221;in_container&#8221; full_screen_row_position=&#8221;middle&#8221; column_margin=&#8221;default&#8221; column_direction=&#8221;default&#8221; column_direction_tablet=&#8221;default&#8221; column_direction_phone=&#8221;default&#8221; scene_position=&#8221;center&#8221; text_color=&#8221;dark&#8221; text_align=&#8221;left&#8221; row_border_radius=&#8221;none&#8221; row_border_radius_applies=&#8221;bg&#8221; overflow=&#8221;visible&#8221; overlay_strength=&#8221;0.3&#8243; gradient_direction=&#8221;left_to_right&#8221; shape_divider_position=&#8221;bottom&#8221; bg_image_animation=&#8221;none&#8221;][vc_column column_padding=&#8221;no-extra-padding&#8221; column_padding_tablet=&#8221;inherit&#8221; column_padding_phone=&#8221;inherit&#8221; column_padding_position=&#8221;all&#8221; column_element_direction_desktop=&#8221;default&#8221; column_element_spacing=&#8221;default&#8221; desktop_text_alignment=&#8221;default&#8221; tablet_text_alignment=&#8221;default&#8221; phone_text_alignment=&#8221;default&#8221; background_color_opacity=&#8221;1&#8243; background_hover_color_opacity=&#8221;1&#8243; column_backdrop_filter=&#8221;none&#8221; column_shadow=&#8221;none&#8221;...\" \/>\n<meta property=\"og:url\" content=\"https:\/\/draycott.pt\/pt-pt\/politica-de-cookies\/\" \/>\n<meta property=\"og:site_name\" content=\"Draycott\" \/>\n<meta property=\"article:modified_time\" content=\"2023-04-28T12:08:57+00:00\" \/>\n<meta property=\"og:image\" content=\"https:\/\/draycott.pt\/wp-content\/uploads\/2023\/04\/Yoast.jpg\" \/>\n\t<meta property=\"og:image:width\" content=\"1200\" \/>\n\t<meta property=\"og:image:height\" content=\"675\" \/>\n\t<meta property=\"og:image:type\" content=\"image\/jpeg\" \/>\n<meta name=\"twitter:card\" content=\"summary_large_image\" \/>\n<meta name=\"twitter:label1\" content=\"Tempo estimado de leitura\" \/>\n\t<meta name=\"twitter:data1\" content=\"5 minutos\" \/>\n<script type=\"application\/ld+json\" class=\"yoast-schema-graph\">{\"@context\":\"https:\/\/schema.org\",\"@graph\":[{\"@type\":\"WebPage\",\"@id\":\"https:\/\/draycott.pt\/pt-pt\/politica-de-cookies\/\",\"url\":\"https:\/\/draycott.pt\/pt-pt\/politica-de-cookies\/\",\"name\":\"Pol\u00edtica de Cookies - Draycott\",\"isPartOf\":{\"@id\":\"https:\/\/draycott.pt\/pt-pt\/#website\"},\"datePublished\":\"2023-04-12T16:43:10+00:00\",\"dateModified\":\"2023-04-28T12:08:57+00:00\",\"breadcrumb\":{\"@id\":\"https:\/\/draycott.pt\/pt-pt\/politica-de-cookies\/#breadcrumb\"},\"inLanguage\":\"pt-PT\",\"potentialAction\":[{\"@type\":\"ReadAction\",\"target\":[\"https:\/\/draycott.pt\/pt-pt\/politica-de-cookies\/\"]}]},{\"@type\":\"BreadcrumbList\",\"@id\":\"https:\/\/draycott.pt\/pt-pt\/politica-de-cookies\/#breadcrumb\",\"itemListElement\":[{\"@type\":\"ListItem\",\"position\":1,\"name\":\"In\u00edcio\",\"item\":\"https:\/\/draycott.pt\/pt-pt\/\"},{\"@type\":\"ListItem\",\"position\":2,\"name\":\"Pol\u00edtica de Cookies\"}]},{\"@type\":\"WebSite\",\"@id\":\"https:\/\/draycott.pt\/pt-pt\/#website\",\"url\":\"https:\/\/draycott.pt\/pt-pt\/\",\"name\":\"Draycott\",\"description\":\"Invest \u00b7 Commit \u00b7 Grow\",\"publisher\":{\"@id\":\"https:\/\/draycott.pt\/pt-pt\/#organization\"},\"alternateName\":\"Draycott\",\"potentialAction\":[{\"@type\":\"SearchAction\",\"target\":{\"@type\":\"EntryPoint\",\"urlTemplate\":\"https:\/\/draycott.pt\/pt-pt\/?s={search_term_string}\"},\"query-input\":{\"@type\":\"PropertyValueSpecification\",\"valueRequired\":true,\"valueName\":\"search_term_string\"}}],\"inLanguage\":\"pt-PT\"},{\"@type\":\"Organization\",\"@id\":\"https:\/\/draycott.pt\/pt-pt\/#organization\",\"name\":\"Draycott | Invest \u00b7 Commit \u00b7 Grow\",\"alternateName\":\"DRCTT\",\"url\":\"https:\/\/draycott.pt\/pt-pt\/\",\"logo\":{\"@type\":\"ImageObject\",\"inLanguage\":\"pt-PT\",\"@id\":\"https:\/\/draycott.pt\/pt-pt\/#\/schema\/logo\/image\/\",\"url\":\"https:\/\/draycott.pt\/wp-content\/uploads\/2023\/04\/Yoast-2.jpg\",\"contentUrl\":\"https:\/\/draycott.pt\/wp-content\/uploads\/2023\/04\/Yoast-2.jpg\",\"width\":696,\"height\":696,\"caption\":\"Draycott | Invest \u00b7 Commit \u00b7 Grow\"},\"image\":{\"@id\":\"https:\/\/draycott.pt\/pt-pt\/#\/schema\/logo\/image\/\"}}]}<\/script>\n<!-- \/ Yoast SEO plugin. -->","yoast_head_json":{"title":"Pol\u00edtica de Cookies - Draycott","robots":{"index":"index","follow":"follow","max-snippet":"max-snippet:-1","max-image-preview":"max-image-preview:large","max-video-preview":"max-video-preview:-1"},"canonical":"https:\/\/draycott.pt\/pt-pt\/politica-de-cookies\/","og_locale":"pt_PT","og_type":"article","og_title":"Pol\u00edtica de Cookies - Draycott","og_description":"[vc_row type=&#8221;in_container&#8221; full_screen_row_position=&#8221;middle&#8221; column_margin=&#8221;default&#8221; column_direction=&#8221;default&#8221; column_direction_tablet=&#8221;default&#8221; column_direction_phone=&#8221;default&#8221; scene_position=&#8221;center&#8221; text_color=&#8221;dark&#8221; text_align=&#8221;left&#8221; row_border_radius=&#8221;none&#8221; row_border_radius_applies=&#8221;bg&#8221; overflow=&#8221;visible&#8221; overlay_strength=&#8221;0.3&#8243; gradient_direction=&#8221;left_to_right&#8221; shape_divider_position=&#8221;bottom&#8221; bg_image_animation=&#8221;none&#8221;][vc_column column_padding=&#8221;no-extra-padding&#8221; column_padding_tablet=&#8221;inherit&#8221; column_padding_phone=&#8221;inherit&#8221; column_padding_position=&#8221;all&#8221; column_element_direction_desktop=&#8221;default&#8221; column_element_spacing=&#8221;default&#8221; desktop_text_alignment=&#8221;default&#8221; tablet_text_alignment=&#8221;default&#8221; phone_text_alignment=&#8221;default&#8221; background_color_opacity=&#8221;1&#8243; background_hover_color_opacity=&#8221;1&#8243; column_backdrop_filter=&#8221;none&#8221; column_shadow=&#8221;none&#8221;...","og_url":"https:\/\/draycott.pt\/pt-pt\/politica-de-cookies\/","og_site_name":"Draycott","article_modified_time":"2023-04-28T12:08:57+00:00","og_image":[{"width":1200,"height":675,"url":"https:\/\/draycott.pt\/wp-content\/uploads\/2023\/04\/Yoast.jpg","type":"image\/jpeg"}],"twitter_card":"summary_large_image","twitter_misc":{"Tempo estimado de leitura":"5 minutos"},"schema":{"@context":"https:\/\/schema.org","@graph":[{"@type":"WebPage","@id":"https:\/\/draycott.pt\/pt-pt\/politica-de-cookies\/","url":"https:\/\/draycott.pt\/pt-pt\/politica-de-cookies\/","name":"Pol\u00edtica de Cookies - Draycott","isPartOf":{"@id":"https:\/\/draycott.pt\/pt-pt\/#website"},"datePublished":"2023-04-12T16:43:10+00:00","dateModified":"2023-04-28T12:08:57+00:00","breadcrumb":{"@id":"https:\/\/draycott.pt\/pt-pt\/politica-de-cookies\/#breadcrumb"},"inLanguage":"pt-PT","potentialAction":[{"@type":"ReadAction","target":["https:\/\/draycott.pt\/pt-pt\/politica-de-cookies\/"]}]},{"@type":"BreadcrumbList","@id":"https:\/\/draycott.pt\/pt-pt\/politica-de-cookies\/#breadcrumb","itemListElement":[{"@type":"ListItem","position":1,"name":"In\u00edcio","item":"https:\/\/draycott.pt\/pt-pt\/"},{"@type":"ListItem","position":2,"name":"Pol\u00edtica de Cookies"}]},{"@type":"WebSite","@id":"https:\/\/draycott.pt\/pt-pt\/#website","url":"https:\/\/draycott.pt\/pt-pt\/","name":"Draycott","description":"Invest \u00b7 Commit \u00b7 Grow","publisher":{"@id":"https:\/\/draycott.pt\/pt-pt\/#organization"},"alternateName":"Draycott","potentialAction":[{"@type":"SearchAction","target":{"@type":"EntryPoint","urlTemplate":"https:\/\/draycott.pt\/pt-pt\/?s={search_term_string}"},"query-input":{"@type":"PropertyValueSpecification","valueRequired":true,"valueName":"search_term_string"}}],"inLanguage":"pt-PT"},{"@type":"Organization","@id":"https:\/\/draycott.pt\/pt-pt\/#organization","name":"Draycott | Invest \u00b7 Commit \u00b7 Grow","alternateName":"DRCTT","url":"https:\/\/draycott.pt\/pt-pt\/","logo":{"@type":"ImageObject","inLanguage":"pt-PT","@id":"https:\/\/draycott.pt\/pt-pt\/#\/schema\/logo\/image\/","url":"https:\/\/draycott.pt\/wp-content\/uploads\/2023\/04\/Yoast-2.jpg","contentUrl":"https:\/\/draycott.pt\/wp-content\/uploads\/2023\/04\/Yoast-2.jpg","width":696,"height":696,"caption":"Draycott | Invest \u00b7 Commit \u00b7 Grow"},"image":{"@id":"https:\/\/draycott.pt\/pt-pt\/#\/schema\/logo\/image\/"}}]}},"_links":{"self":[{"href":"https:\/\/draycott.pt\/pt-pt\/wp-json\/wp\/v2\/pages\/2940","targetHints":{"allow":["GET"]}}],"collection":[{"href":"https:\/\/draycott.pt\/pt-pt\/wp-json\/wp\/v2\/pages"}],"about":[{"href":"https:\/\/draycott.pt\/pt-pt\/wp-json\/wp\/v2\/types\/page"}],"author":[{"embeddable":true,"href":"https:\/\/draycott.pt\/pt-pt\/wp-json\/wp\/v2\/users\/1"}],"replies":[{"embeddable":true,"href":"https:\/\/draycott.pt\/pt-pt\/wp-json\/wp\/v2\/comments?post=2940"}],"version-history":[{"count":2,"href":"https:\/\/draycott.pt\/pt-pt\/wp-json\/wp\/v2\/pages\/2940\/revisions"}],"predecessor-version":[{"id":2942,"href":"https:\/\/draycott.pt\/pt-pt\/wp-json\/wp\/v2\/pages\/2940\/revisions\/2942"}],"wp:attachment":[{"href":"https:\/\/draycott.pt\/pt-pt\/wp-json\/wp\/v2\/media?parent=2940"}],"curies":[{"name":"wp","href":"https:\/\/api.w.org\/{rel}","templated":true}]}}